{"id":56,"date":"2017-11-29T17:32:17","date_gmt":"2017-11-29T17:32:17","guid":{"rendered":"http:\/\/saiol.net\/colonies\/?page_id=56"},"modified":"2024-06-04T14:00:53","modified_gmt":"2024-06-04T12:00:53","slug":"estada","status":"publish","type":"page","link":"https:\/\/saiol.net\/colonies\/estada\/","title":{"rendered":"Estada"},"content":{"rendered":"<p>[et_pb_section fb_built=\u00bb1&#8243; fullwidth=\u00bbon\u00bb _builder_version=\u00bb4.16&#8243; background_color=\u00bb#e09900&#8243; global_colors_info=\u00bb{}\u00bb][et_pb_fullwidth_slider admin_label=\u00bbFullwidth Slider\u00bb _builder_version=\u00bb4.18.0&#8243; custom_padding=\u00bb|||\u00bb custom_padding_tablet=\u00bb|||\u00bb custom_padding_phone=\u00bb|||\u00bb box_shadow_style=\u00bbpreset6&#8243; box_shadow_blur=\u00bb10px\u00bb box_shadow_color=\u00bbrgba(0,0,0,0.1)\u00bb global_colors_info=\u00bb{}\u00bb button_text_size__hover_enabled=\u00bboff\u00bb button_one_text_size__hover_enabled=\u00bboff\u00bb button_two_text_size__hover_enabled=\u00bboff\u00bb button_text_color__hover_enabled=\u00bboff\u00bb button_one_text_color__hover_enabled=\u00bboff\u00bb button_two_text_color__hover_enabled=\u00bboff\u00bb button_border_width__hover_enabled=\u00bboff\u00bb button_one_border_width__hover_enabled=\u00bboff\u00bb button_two_border_width__hover_enabled=\u00bboff\u00bb button_border_color__hover_enabled=\u00bboff\u00bb button_one_border_color__hover_enabled=\u00bboff\u00bb button_two_border_color__hover_enabled=\u00bboff\u00bb button_border_radius__hover_enabled=\u00bboff\u00bb button_one_border_radius__hover_enabled=\u00bboff\u00bb button_two_border_radius__hover_enabled=\u00bboff\u00bb button_letter_spacing__hover_enabled=\u00bboff\u00bb button_one_letter_spacing__hover_enabled=\u00bboff\u00bb button_two_letter_spacing__hover_enabled=\u00bboff\u00bb button_bg_color__hover_enabled=\u00bboff\u00bb button_one_bg_color__hover_enabled=\u00bboff\u00bb button_two_bg_color__hover_enabled=\u00bboff\u00bb][et_pb_slide heading=\u00bbRac\u00f3 de pares i mares\u00bb image=\u00bbhttps:\/\/saiol.net\/colonies\/wp-content\/uploads\/2022\/05\/IMG_0003-rotated.jpg\u00bb _builder_version=\u00bb4.18.0&#8243; background_color=\u00bb#e09900&#8243; global_colors_info=\u00bb{}\u00bb button_text_size__hover_enabled=\u00bboff\u00bb button_one_text_size__hover_enabled=\u00bboff\u00bb button_two_text_size__hover_enabled=\u00bboff\u00bb button_text_color__hover_enabled=\u00bboff\u00bb button_one_text_color__hover_enabled=\u00bboff\u00bb button_two_text_color__hover_enabled=\u00bboff\u00bb button_border_width__hover_enabled=\u00bboff\u00bb button_one_border_width__hover_enabled=\u00bboff\u00bb button_two_border_width__hover_enabled=\u00bboff\u00bb button_border_color__hover_enabled=\u00bboff\u00bb button_one_border_color__hover_enabled=\u00bboff\u00bb button_two_border_color__hover_enabled=\u00bboff\u00bb button_border_radius__hover_enabled=\u00bboff\u00bb button_one_border_radius__hover_enabled=\u00bboff\u00bb button_two_border_radius__hover_enabled=\u00bboff\u00bb button_letter_spacing__hover_enabled=\u00bboff\u00bb button_one_letter_spacing__hover_enabled=\u00bboff\u00bb button_two_letter_spacing__hover_enabled=\u00bboff\u00bb button_bg_color__hover_enabled=\u00bboff\u00bb button_one_bg_color__hover_enabled=\u00bboff\u00bb button_two_bg_color__hover_enabled=\u00bboff\u00bb sticky_transition=\u00bbon\u00bb]<\/p>\n<p style=\"text-align: left;\">Hola pares i mares, si la vostra escola ha contractat el nostre servei d&#8217;informaci\u00f3 web, esteu d\u2019enhorabona.<\/p>\n<p>Aqu\u00ed podreu observar en imatges les fant\u00e0stiques i divertides experi\u00e8ncies que estan vivint els vostres fills i filles.<\/p>\n<p>[\/et_pb_slide][et_pb_slide heading=\u00bbEquip de monitors\u00bb image=\u00bbhttps:\/\/saiol.net\/colonies\/wp-content\/uploads\/2018\/01\/indis-2.jpg\u00bb _builder_version=\u00bb4.16&#8243; background_color=\u00bb#e09900&#8243; global_colors_info=\u00bb{}\u00bb button_text_size__hover_enabled=\u00bboff\u00bb button_one_text_size__hover_enabled=\u00bboff\u00bb button_two_text_size__hover_enabled=\u00bboff\u00bb button_text_color__hover_enabled=\u00bboff\u00bb button_one_text_color__hover_enabled=\u00bboff\u00bb button_two_text_color__hover_enabled=\u00bboff\u00bb button_border_width__hover_enabled=\u00bboff\u00bb button_one_border_width__hover_enabled=\u00bboff\u00bb button_two_border_width__hover_enabled=\u00bboff\u00bb button_border_color__hover_enabled=\u00bboff\u00bb button_one_border_color__hover_enabled=\u00bboff\u00bb button_two_border_color__hover_enabled=\u00bboff\u00bb button_border_radius__hover_enabled=\u00bboff\u00bb button_one_border_radius__hover_enabled=\u00bboff\u00bb button_two_border_radius__hover_enabled=\u00bboff\u00bb button_letter_spacing__hover_enabled=\u00bboff\u00bb button_one_letter_spacing__hover_enabled=\u00bboff\u00bb button_two_letter_spacing__hover_enabled=\u00bboff\u00bb button_bg_color__hover_enabled=\u00bboff\u00bb button_one_bg_color__hover_enabled=\u00bboff\u00bb button_two_bg_color__hover_enabled=\u00bboff\u00bb sticky_transition=\u00bbon\u00bb]<\/p>\n<h4 style=\"text-align: justify;\">Les col\u00f2nies es caracteritzen per tenir un ambient diferenciat dels habituals amb unes\u00a0<span style=\"font-size: 18px;\">caracter\u00edstiques pr\u00f2pies. Aquest \u00e0mbit ha de ser pels infants i joves un lloc de trobada, de\u00a0<\/span><span style=\"font-size: 18px;\">reuni\u00f3, de joc, de descoberta, d\u2019activitats amb els companys i amb una estructura que permeti\u00a0<\/span><span style=\"font-size: 18px;\">realitzar projectes que els s\u00f3n atraients i dels que en s\u00f3n protagonistes, recolzats per uns\u00a0<\/span><span style=\"font-size: 18px;\">monitors que els ajuden a tirar endavant i fent-los costat en el qu\u00e8 calgui.<\/span><\/h4>\n<p>[\/et_pb_slide][\/et_pb_fullwidth_slider][\/et_pb_section][et_pb_section fb_built=\u00bb1&#8243; _builder_version=\u00bb4.17.3&#8243; global_colors_info=\u00bb{}\u00bb][et_pb_row column_structure=\u00bb1_3,1_3,1_3&#8243; _builder_version=\u00bb4.25.0&#8243; background_size=\u00bbinitial\u00bb background_position=\u00bbtop_left\u00bb background_repeat=\u00bbrepeat\u00bb global_colors_info=\u00bb{}\u00bb][et_pb_column type=\u00bb1_3&#8243; _builder_version=\u00bb4.16&#8243; custom_padding=\u00bb|||\u00bb global_colors_info=\u00bb{}\u00bb custom_padding__hover=\u00bb|||\u00bb][et_pb_blurb title=\u00bbBENVINGUTS\u00bb image=\u00bbhttps:\/\/saiol.net\/colonies\/wp-content\/uploads\/2022\/10\/Exteriors-facana.jpg\u00bb admin_label=\u00bbBlurb\u00bb _builder_version=\u00bb4.25.1&#8243; custom_padding=\u00bb||0px|||\u00bb global_colors_info=\u00bb{}\u00bb]<\/p>\n<p>Hem arribat! Els alumnes d&#8217; Infantil de l&#8217;Escola Escol\u00e0pies D&#8217;Igualada ja som aqu\u00ed.<\/p>\n<p>Coneixem els nostres monitors: La Cris, el Pol, el Manel i l&#8217;Oriol.<\/p>\n<p>Un bon esmorzar per agafar forces i ja estem preparats per anar a les habitacions a instal\u00b7lar-nos&#8230;<\/p>\n<p>[\/et_pb_blurb][\/et_pb_column][et_pb_column type=\u00bb1_3&#8243; _builder_version=\u00bb4.16&#8243; custom_padding=\u00bb|||\u00bb global_colors_info=\u00bb{}\u00bb custom_padding__hover=\u00bb|||\u00bb][et_pb_blurb title=\u00bbEN ROC\u00bb image=\u00bbhttps:\/\/saiol.net\/colonies\/wp-content\/uploads\/2024\/06\/IMG-20240603-WA0148.jpg\u00bb alt=\u00bbPrimavera\u00bb admin_label=\u00bbBlurb\u00bb _builder_version=\u00bb4.25.1&#8243; background_size=\u00bbinitial\u00bb background_position=\u00bbtop_left\u00bb background_repeat=\u00bbrepeat\u00bb text_orientation=\u00bbcenter\u00bb custom_margin=\u00bb82px||82px||true|\u00bb custom_padding=\u00bb0px|||||\u00bb global_colors_info=\u00bb{}\u00bb]<\/p>\n<p style=\"text-align: justify;\">Un cop instal\u00b7lats coneixem en Roc, un guardabosc. Ens explica que t\u00e9 un gran amic que \u00e9s L\u2019eri\u00e7\u00f3 Rodanx\u00f3, un animal simp\u00e0tic i alegre. Fa anys que cuiden els boscos de Moi\u00e0 amb respecte i amor.<\/p>\n<p style=\"text-align: justify;\">Ara fa uns dies per\u00f2 que en Rodanx\u00f3 est\u00e0 trist. Veu com cada vegada la gent cuida menys els boscos i que estan molt bruts.<\/p>\n<p style=\"text-align: justify;\">En Roc ens demana ajuda. Podrem convertir-nos en guardaboscs ?!<\/p>\n<p>&nbsp;<\/p>\n<p>[\/et_pb_blurb][\/et_pb_column][et_pb_column type=\u00bb1_3&#8243; _builder_version=\u00bb4.16&#8243; custom_padding=\u00bb|||\u00bb global_colors_info=\u00bb{}\u00bb custom_padding__hover=\u00bb|||\u00bb][et_pb_blurb title=\u00bbBON PROFIT\u00bb image=\u00bbhttps:\/\/saiol.net\/colonies\/wp-content\/uploads\/2022\/05\/IMG_9932.jpg\u00bb alt=\u00bbTaller samarreta\u00bb admin_label=\u00bbBlurb\u00bb _builder_version=\u00bb4.25.1&#8243; background_size=\u00bbinitial\u00bb background_position=\u00bbtop_left\u00bb background_repeat=\u00bbrepeat\u00bb text_orientation=\u00bbcenter\u00bb custom_padding=\u00bb||0px|||\u00bb global_colors_info=\u00bb{}\u00bb]<\/p>\n<p style=\"text-align: justify;\">Dinar : Arr\u00f2s amb tom\u00e0quet, pollastre a la planxa, amanida, s\u00edndria.<\/p>\n<p style=\"text-align: justify;\">Berenar: Pa amb xocolata<\/p>\n<p style=\"text-align: justify;\">Sopar: Sopa, truita, amanida i iogurt<\/p>\n<p style=\"text-align: justify;\">\n<p>&nbsp;<\/p>\n<p>[\/et_pb_blurb][\/et_pb_column][\/et_pb_row][et_pb_row column_structure=\u00bb1_3,1_3,1_3&#8243; _builder_version=\u00bb4.16&#8243; background_size=\u00bbinitial\u00bb background_position=\u00bbtop_left\u00bb background_repeat=\u00bbrepeat\u00bb custom_padding=\u00bb27px|0px|22px|0px|false|false\u00bb global_colors_info=\u00bb{}\u00bb][et_pb_column type=\u00bb1_3&#8243; _builder_version=\u00bb4.16&#8243; custom_padding=\u00bb|||\u00bb global_colors_info=\u00bb{}\u00bb custom_padding__hover=\u00bb|||\u00bb][et_pb_blurb title=\u00bbLA PISTA FORESTAL I LES PLANTES MEDICINALS I AROM\u00c0TIQUES\u00bb image=\u00bbhttps:\/\/saiol.net\/colonies\/wp-content\/uploads\/2024\/06\/IMG-20240604-WA0034.jpg\u00bb alt=\u00bbNatura\u00bb admin_label=\u00bbBlurb\u00bb _builder_version=\u00bb4.25.1&#8243; background_size=\u00bbinitial\u00bb background_position=\u00bbtop_left\u00bb background_repeat=\u00bbrepeat\u00bb text_orientation=\u00bbcenter\u00bb hover_enabled=\u00bb0&#8243; inline_fonts=\u00bbCalligraffitti\u00bb global_colors_info=\u00bb{}\u00bb title_text=\u00bbIMG-20240604-WA0034&#8243; sticky_enabled=\u00bb0&#8243;]<\/p>\n<p style=\"text-align: justify;\">Despr\u00e9s de dinar hem jugat als camps del Saiol.<\/p>\n<p style=\"text-align: justify;\">En Roc ens ha preparat un seguit de jocs per poder-nos convertir en guardaboscs.<\/p>\n<p style=\"text-align: justify;\">Per recuperar energies hem berenat pa amb xocolata.<\/p>\n<p style=\"text-align: justify;\">Ens fem una bosseta d&#8217;olor i coneixem plantes arom\u00e0tiques i medicinals.<\/p>\n<p style=\"text-align: justify;\">Rantem mans, una can\u00e7o de bon profit i a sopar!!<\/p>\n<p>[\/et_pb_blurb][\/et_pb_column][et_pb_column type=\u00bb1_3&#8243; _builder_version=\u00bb4.16&#8243; custom_padding=\u00bb|||\u00bb global_colors_info=\u00bb{}\u00bb custom_padding__hover=\u00bb|||\u00bb][et_pb_blurb title=\u00bbJOC DE NIT\u00bb image=\u00bbhttps:\/\/saiol.net\/colonies\/wp-content\/uploads\/2024\/06\/IMG-20240604-WA0031.jpg\u00bb alt=\u00bbPrimavera\u00bb admin_label=\u00bbBlurb\u00bb _builder_version=\u00bb4.25.1&#8243; background_size=\u00bbinitial\u00bb background_position=\u00bbtop_left\u00bb background_repeat=\u00bbrepeat\u00bb text_orientation=\u00bbcenter\u00bb custom_padding=\u00bb||0px|||\u00bb inline_fonts=\u00bbButterfly Kids,Eagle Lake\u00bb global_colors_info=\u00bb{}\u00bb]<\/p>\n<p style=\"text-align: justify;\">Aquesta nit l&#8217;eri\u00e7\u00f3 Rodanx\u00f3 ens demana ajuda per buscar els animals que estan amagats pel Saiol, ja que est\u00e0 tot fosc i no els sap veure. Sort que nosaltres som molt valents i tenim unes <span>superllanternes<\/span>.<\/p>\n<p style=\"text-align: justify;\">\u00a0Els hem trobat tots!!!!!<\/p>\n<p style=\"text-align: justify;\">Ens relaxem i anem a dormir.<\/p>\n<p style=\"text-align: justify;\">BONA NIT&#8230;<\/p>\n<p>[\/et_pb_blurb][\/et_pb_column][et_pb_column type=\u00bb1_3&#8243; _builder_version=\u00bb4.16&#8243; custom_padding=\u00bb|||\u00bb global_colors_info=\u00bb{}\u00bb custom_padding__hover=\u00bb|||\u00bb][et_pb_blurb title=\u00bbBON DIA\u00bb image=\u00bbhttps:\/\/saiol.net\/colonies\/wp-content\/uploads\/2018\/07\/flors.jpg\u00bb alt=\u00bbPrimavera\u00bb admin_label=\u00bbBlurb\u00bb _builder_version=\u00bb4.25.1&#8243; background_size=\u00bbinitial\u00bb background_position=\u00bbtop_left\u00bb background_repeat=\u00bbrepeat\u00bb text_orientation=\u00bbcenter\u00bb hover_enabled=\u00bb0&#8243; inline_fonts=\u00bbCaesar Dressing,Cabin Sketch\u00bb global_colors_info=\u00bb{}\u00bb sticky_enabled=\u00bb0&#8243;]<\/p>\n<p style=\"text-align: justify;\"><span>Ens hem despertat despr\u00e9s d&#8217;un son reparador. Hem fet les motxilles i cap a esmorzar.<\/span><\/p>\n<p style=\"text-align: justify;\"><span>Aquest mat\u00ed hem anat\u00a0<\/span><span>fins al<\/span><span>\u00a0cau de l&#8217;eri\u00e7\u00f3 Rodanx\u00f3. Pel cam\u00ed hem resolt\u00a0<\/span><span>endevinalles<\/span><span>\u00a0d&#8217;animals i hem anat recollint la\u00a0<\/span><span>brut\u00edcia<\/span><span>\u00a0que\u00a0<\/span><span>ens trob\u00e0vem<\/span><span>.<\/span><\/p>\n<p style=\"text-align: justify;\"><span>Ens ho hem passat molt b\u00e9:)<\/span><\/p>\n<p style=\"text-align: justify;\"><span>Rentem<\/span><span> mans i cap a dinar. Avui macarrons, hamburguesa amb xips i gelat.<\/span><\/p>\n<p>Despr\u00e9s de dinar hem jugat pels camps del Saiol.<\/p>\n<p>En Roc ens dona les gr\u00e0cies per la nostra ajuda. Els boscos estan nets, l&#8217;eri\u00e7\u00f3 Rodanxo est\u00e0 content i tots nosaltres ja som uns aut\u00e8ntics guardaboscs.<\/p>\n<p>Agafem les motxilles i pugem a l&#8217;autocar.<\/p>\n<p>BON VIATGE!!!!!!!!<\/p>\n<p>[\/et_pb_blurb][\/et_pb_column][\/et_pb_row][\/et_pb_section][et_pb_section fb_built=\u00bb1&#8243; _builder_version=\u00bb4.16&#8243; custom_padding=\u00bb53px|0px|53px|0px|true|false\u00bb global_colors_info=\u00bb{}\u00bb][et_pb_row _builder_version=\u00bb4.25.0&#8243; background_size=\u00bbinitial\u00bb background_position=\u00bbtop_left\u00bb background_repeat=\u00bbrepeat\u00bb global_colors_info=\u00bb{}\u00bb][et_pb_column type=\u00bb4_4&#8243; _builder_version=\u00bb4.16&#8243; custom_padding=\u00bb|||\u00bb global_colors_info=\u00bb{}\u00bb custom_padding__hover=\u00bb|||\u00bb][et_pb_gallery gallery_ids=\u00bb3020,3033,3036,3034,3035,3039,3042,3044,3043,3045,3047,3049,3051,3052,3053,3057,3060,3068,3064,3063,3062,3061,3075,3076,3077,3074,3073,3072,3078,3080,3081,3082,3083&#8243; show_title_and_caption=\u00bboff\u00bb _builder_version=\u00bb4.25.1&#8243; hover_enabled=\u00bb0&#8243; global_colors_info=\u00bb{}\u00bb sticky_enabled=\u00bb0&#8243;][\/et_pb_gallery][\/et_pb_column][\/et_pb_row][\/et_pb_section]<\/p>\n","protected":false},"excerpt":{"rendered":"<p>Hola pares i mares, si la vostra escola ha contractat el nostre servei d&#8217;informaci\u00f3 web, esteu d\u2019enhorabona. Aqu\u00ed podreu observar en imatges les fant\u00e0stiques i divertides experi\u00e8ncies que estan vivint els vostres fills i filles.Les col\u00f2nies es caracteritzen per tenir un ambient diferenciat dels habituals amb unes\u00a0caracter\u00edstiques pr\u00f2pies. Aquest \u00e0mbit ha de ser pels infants [&hellip;]<\/p>\n","protected":false},"author":1,"featured_media":0,"parent":0,"menu_order":0,"comment_status":"closed","ping_status":"closed","template":"","meta":{"_et_pb_use_builder":"on","_et_pb_old_content":"","_et_gb_content_width":""},"_links":{"self":[{"href":"https:\/\/saiol.net\/colonies\/wp-json\/wp\/v2\/pages\/56"}],"collection":[{"href":"https:\/\/saiol.net\/colonies\/wp-json\/wp\/v2\/pages"}],"about":[{"href":"https:\/\/saiol.net\/colonies\/wp-json\/wp\/v2\/types\/page"}],"author":[{"embeddable":true,"href":"https:\/\/saiol.net\/colonies\/wp-json\/wp\/v2\/users\/1"}],"replies":[{"embeddable":true,"href":"https:\/\/saiol.net\/colonies\/wp-json\/wp\/v2\/comments?post=56"}],"version-history":[{"count":329,"href":"https:\/\/saiol.net\/colonies\/wp-json\/wp\/v2\/pages\/56\/revisions"}],"predecessor-version":[{"id":3086,"href":"https:\/\/saiol.net\/colonies\/wp-json\/wp\/v2\/pages\/56\/revisions\/3086"}],"wp:attachment":[{"href":"https:\/\/saiol.net\/colonies\/wp-json\/wp\/v2\/media?parent=56"}],"curies":[{"name":"wp","href":"https:\/\/api.w.org\/{rel}","templated":true}]}}