{"id":44,"date":"2017-11-29T17:28:01","date_gmt":"2017-11-29T17:28:01","guid":{"rendered":"http:\/\/saiol.net\/colonies\/?page_id=44"},"modified":"2022-10-20T13:02:29","modified_gmt":"2022-10-20T11:02:29","slug":"qui-som","status":"publish","type":"page","link":"https:\/\/saiol.net\/colonies\/qui-som\/","title":{"rendered":"Qui som"},"content":{"rendered":"<p>[et_pb_section fb_built=\u00bb1&#8243; _builder_version=\u00bb4.16&#8243; global_colors_info=\u00bb{}\u00bb][et_pb_row _builder_version=\u00bb4.16&#8243; background_size=\u00bbinitial\u00bb background_position=\u00bbtop_left\u00bb background_repeat=\u00bbrepeat\u00bb global_colors_info=\u00bb{}\u00bb][et_pb_column type=\u00bb4_4&#8243; _builder_version=\u00bb4.16&#8243; custom_padding=\u00bb|||\u00bb global_colors_info=\u00bb{}\u00bb custom_padding__hover=\u00bb|||\u00bb][et_pb_image src=\u00bbhttps:\/\/saiol.net\/colonies\/wp-content\/uploads\/2022\/10\/Facana-principal.jpg\u00bb align=\u00bbcenter\u00bb align_tablet=\u00bbcenter\u00bb align_last_edited=\u00bbon|desktop\u00bb _builder_version=\u00bb4.18.0&#8243; hover_enabled=\u00bb0&#8243; global_colors_info=\u00bb{}\u00bb title_text=\u00bbFa\u00e7ana principal\u00bb sticky_enabled=\u00bb0&#8243; align_phone=\u00bbcenter\u00bb][\/et_pb_image][\/et_pb_column][\/et_pb_row][\/et_pb_section][et_pb_section fb_built=\u00bb1&#8243; inner_shadow=\u00bbon\u00bb _builder_version=\u00bb4.16&#8243; background_color=\u00bb#f7f7f7&#8243; global_colors_info=\u00bb{}\u00bb][et_pb_row _builder_version=\u00bb4.16&#8243; background_size=\u00bbinitial\u00bb background_position=\u00bbtop_left\u00bb background_repeat=\u00bbrepeat\u00bb global_colors_info=\u00bb{}\u00bb][et_pb_column type=\u00bb4_4&#8243; _builder_version=\u00bb4.16&#8243; custom_padding=\u00bb|||\u00bb global_colors_info=\u00bb{}\u00bb custom_padding__hover=\u00bb|||\u00bb][et_pb_text admin_label=\u00bbText\u00bb _builder_version=\u00bb4.16&#8243; background_size=\u00bbinitial\u00bb background_position=\u00bbtop_left\u00bb background_repeat=\u00bbrepeat\u00bb module_alignment=\u00bbleft\u00bb global_colors_info=\u00bb{}\u00bb]<\/p>\n<h1>La nostre hist\u00f2ria<\/h1>\n<p class=\"western\">Fa m\u00e9s de trenta anys una parella xiruquera va decidir fer realitat un somni; canviar la vida urbana per la vida rural. I amb molt d\u2019esfor\u00e7 van restaurar un oblidat i malm\u00e8s mas situat a la poblaci\u00f3 de Moi\u00e0: El Mas Saiol Comtal. I \u00e9s aix\u00ed com va comen\u00e7ar la hist\u00f2ria d\u2019aquesta Casa de Col\u00f2nies.<\/p>\n<p class=\"western\">Actualment la fam\u00edlia segueix cuidant d\u2019aquest petit negoci.<\/p>\n<p class=\"western\">No som els millors i segur que no tenim la millor instal\u00b7laci\u00f3, per\u00f2 ens sentim feli\u00e7os de possibilitar accions educatives, din\u00e0miques i engrescadores.<\/p>\n<p class=\"western\"><span style=\"font-size: large;\"><strong>Les col\u00f2nies s\u00f3n m\u00e0gia, fantasia, imaginaci\u00f3&#8230; i nosaltres en volem formar part.<\/strong><\/span><\/p>\n<p>[\/et_pb_text][\/et_pb_column][\/et_pb_row][\/et_pb_section][et_pb_section fb_built=\u00bb1&#8243; _builder_version=\u00bb4.16&#8243; global_colors_info=\u00bb{}\u00bb][et_pb_row _builder_version=\u00bb4.16&#8243; background_size=\u00bbinitial\u00bb background_position=\u00bbtop_left\u00bb background_repeat=\u00bbrepeat\u00bb global_colors_info=\u00bb{}\u00bb column_structure=\u00bb1_4,1_4,1_4,1_4&#8243;][et_pb_column type=\u00bb1_4&#8243; _builder_version=\u00bb4.16&#8243; custom_padding=\u00bb|||\u00bb global_colors_info=\u00bb{}\u00bb custom_padding__hover=\u00bb|||\u00bb][et_pb_blurb title=\u00bbFormaci\u00f3\u00bb use_icon=\u00bbon\u00bb font_icon=\u00bb&#xe016;||divi||400&#8243; icon_color=\u00bb#7c8d9b\u00bb admin_label=\u00bbBlurb\u00bb _builder_version=\u00bb4.16&#8243; background_size=\u00bbinitial\u00bb background_position=\u00bbtop_left\u00bb background_repeat=\u00bbrepeat\u00bb text_orientation=\u00bbcenter\u00bb global_colors_info=\u00bb{}\u00bb]<\/p>\n<p>Som mestres i directors de col\u00f2nies, formats en el m\u00f3n de l\u2019escola, de l\u2019escoltisme i de l\u2019esplai.<\/p>\n<p>[\/et_pb_blurb][\/et_pb_column][et_pb_column type=\u00bb1_4&#8243; _builder_version=\u00bb4.16&#8243; custom_padding=\u00bb|||\u00bb global_colors_info=\u00bb{}\u00bb custom_padding__hover=\u00bb|||\u00bb][et_pb_blurb title=\u00bbEmpresa\u00bb use_icon=\u00bbon\u00bb font_icon=\u00bb&#xe0ec;||divi||400&#8243; icon_color=\u00bb#7c8d9b\u00bb admin_label=\u00bbBlurb\u00bb _builder_version=\u00bb4.16&#8243; background_size=\u00bbinitial\u00bb background_position=\u00bbtop_left\u00bb background_repeat=\u00bbrepeat\u00bb text_orientation=\u00bbcenter\u00bb global_colors_info=\u00bb{}\u00bb]<\/p>\n<p>Mas Saiol no forma part de cap entitat. Som un petit negoci familiar, sense ajudes ni<br \/>subvencions. Ens agrada treballar amb independ\u00e8ncia i sense pressions.<\/p>\n<p>[\/et_pb_blurb][\/et_pb_column][et_pb_column type=\u00bb1_4&#8243; _builder_version=\u00bb4.16&#8243; custom_padding=\u00bb|||\u00bb global_colors_info=\u00bb{}\u00bb custom_padding__hover=\u00bb|||\u00bb][et_pb_blurb title=\u00bbTracte\u00bb use_icon=\u00bbon\u00bb font_icon=\u00bb&#xe030;||divi||400&#8243; icon_color=\u00bb#7c8d9b\u00bb admin_label=\u00bbBlurb\u00bb _builder_version=\u00bb4.16&#8243; background_size=\u00bbinitial\u00bb background_position=\u00bbtop_left\u00bb background_repeat=\u00bbrepeat\u00bb text_orientation=\u00bbcenter\u00bb global_colors_info=\u00bb{}\u00bb]<\/p>\n<p>Volem que al Mas Saiol us hi sentiu com a casa vostra.<\/p>\n<p>[\/et_pb_blurb][\/et_pb_column][et_pb_column type=\u00bb1_4&#8243; _builder_version=\u00bb4.16&#8243; custom_padding=\u00bb|||\u00bb global_colors_info=\u00bb{}\u00bb custom_padding__hover=\u00bb|||\u00bb][et_pb_blurb title=\u00bbEquip monitors\u00bb use_icon=\u00bbon\u00bb font_icon=\u00bb&#xe0a1;||divi||400&#8243; icon_color=\u00bb#7c8d9b\u00bb admin_label=\u00bbBlurb\u00bb _builder_version=\u00bb4.16&#8243; background_size=\u00bbinitial\u00bb background_position=\u00bbtop_left\u00bb background_repeat=\u00bbrepeat\u00bb text_orientation=\u00bbcenter\u00bb global_colors_info=\u00bb{}\u00bb]<\/p>\n<p>La seva finalitat \u00e9s educar a l\u2019infant a trav\u00e9s del joc, les viv\u00e8ncies i els tallers.<\/p>\n<p>[\/et_pb_blurb][\/et_pb_column][\/et_pb_row][et_pb_row _builder_version=\u00bb4.16&#8243; background_size=\u00bbinitial\u00bb background_position=\u00bbtop_left\u00bb background_repeat=\u00bbrepeat\u00bb global_colors_info=\u00bb{}\u00bb][et_pb_column type=\u00bb4_4&#8243; _builder_version=\u00bb4.16&#8243; custom_padding=\u00bb|||\u00bb global_colors_info=\u00bb{}\u00bb custom_padding__hover=\u00bb|||\u00bb][et_pb_text _builder_version=\u00bb4.16&#8243; global_colors_info=\u00bb{}\u00bb]<\/p>\n<h5>En aquest enlla\u00e7 pot consultar el nostre\u00a0<span style=\"text-decoration: underline;\"><span style=\"color: #ff9900; text-decoration: underline;\"><a href=\"https:\/\/saiol.net\/colonies\/wp-content\/uploads\/2018\/04\/REGLAMENT-R\u00c8GIM-INTERN-mas-saiol.pdf\" target=\"_blank\" rel=\"noopener noreferrer\" title=\"Reglament de r\u00e8gim intern.\" style=\"color: #ff9900; text-decoration: underline;\">Reglament de r\u00e8gim intern.<\/a><\/span><\/span><\/h5>\n<p>[\/et_pb_text][\/et_pb_column][\/et_pb_row][\/et_pb_section]<\/p>\n","protected":false},"excerpt":{"rendered":"<p>La nostre hist\u00f2ria Fa m\u00e9s de trenta anys una parella xiruquera va decidir fer realitat un somni; canviar la vida urbana per la vida rural. I amb molt d\u2019esfor\u00e7 van restaurar un oblidat i malm\u00e8s mas situat a la poblaci\u00f3 de Moi\u00e0: El Mas Saiol Comtal. I \u00e9s aix\u00ed com va comen\u00e7ar la hist\u00f2ria d\u2019aquesta [&hellip;]<\/p>\n","protected":false},"author":1,"featured_media":0,"parent":0,"menu_order":0,"comment_status":"closed","ping_status":"closed","template":"","meta":{"_et_pb_use_builder":"on","_et_pb_old_content":"","_et_gb_content_width":""},"_links":{"self":[{"href":"https:\/\/saiol.net\/colonies\/wp-json\/wp\/v2\/pages\/44"}],"collection":[{"href":"https:\/\/saiol.net\/colonies\/wp-json\/wp\/v2\/pages"}],"about":[{"href":"https:\/\/saiol.net\/colonies\/wp-json\/wp\/v2\/types\/page"}],"author":[{"embeddable":true,"href":"https:\/\/saiol.net\/colonies\/wp-json\/wp\/v2\/users\/1"}],"replies":[{"embeddable":true,"href":"https:\/\/saiol.net\/colonies\/wp-json\/wp\/v2\/comments?post=44"}],"version-history":[{"count":28,"href":"https:\/\/saiol.net\/colonies\/wp-json\/wp\/v2\/pages\/44\/revisions"}],"predecessor-version":[{"id":2809,"href":"https:\/\/saiol.net\/colonies\/wp-json\/wp\/v2\/pages\/44\/revisions\/2809"}],"wp:attachment":[{"href":"https:\/\/saiol.net\/colonies\/wp-json\/wp\/v2\/media?parent=44"}],"curies":[{"name":"wp","href":"https:\/\/api.w.org\/{rel}","templated":true}]}}