{"id":40,"date":"2017-11-29T17:19:08","date_gmt":"2017-11-29T17:19:08","guid":{"rendered":"http:\/\/saiol.net\/colonies\/?page_id=40"},"modified":"2022-10-20T13:49:17","modified_gmt":"2022-10-20T11:49:17","slug":"home","status":"publish","type":"page","link":"https:\/\/saiol.net\/colonies\/","title":{"rendered":"Principal"},"content":{"rendered":"<p>[et_pb_section fb_built=\u00bb1&#8243; inner_shadow=\u00bbon\u00bb fullwidth=\u00bbon\u00bb _builder_version=\u00bb4.16&#8243; background_color=\u00bb#f19300&#8243; custom_padding=\u00bb0px|8px|0px|0px\u00bb global_colors_info=\u00bb{}\u00bb][et_pb_fullwidth_header title=\u00bbBenvinguts a la Casa de Col\u00f2nies Mas Saiol de Moi\u00e0. \u00bb text_orientation=\u00bbcenter\u00bb admin_label=\u00bbFullwidth Header\u00bb _builder_version=\u00bb4.16&#8243; title_font=\u00bb||||||||\u00bb title_text_color=\u00bb#ffffff\u00bb title_font_size=\u00bb32px\u00bb content_font=\u00bb||||||||\u00bb content_text_color=\u00bb#ffffff\u00bb background_color=\u00bbrgba(255, 255, 255, 0)\u00bb background_layout=\u00bblight\u00bb max_width_tablet=\u00bb50px\u00bb global_colors_info=\u00bb{}\u00bb button_one_text_size__hover_enabled=\u00bboff\u00bb button_two_text_size__hover_enabled=\u00bboff\u00bb button_one_text_color__hover_enabled=\u00bboff\u00bb button_two_text_color__hover_enabled=\u00bboff\u00bb button_one_border_width__hover_enabled=\u00bboff\u00bb button_two_border_width__hover_enabled=\u00bboff\u00bb button_one_border_color__hover_enabled=\u00bboff\u00bb button_two_border_color__hover_enabled=\u00bboff\u00bb button_one_border_radius__hover_enabled=\u00bboff\u00bb button_two_border_radius__hover_enabled=\u00bboff\u00bb button_one_letter_spacing__hover_enabled=\u00bboff\u00bb button_two_letter_spacing__hover_enabled=\u00bboff\u00bb button_one_bg_color__hover_enabled=\u00bboff\u00bb button_two_bg_color__hover_enabled=\u00bboff\u00bb]Des de 1978 hem acollit, amb professionalitat i esperit de servei, a molts grups. Ara us esperem a vosaltres !<br \/>\n[\/et_pb_fullwidth_header][\/et_pb_section][et_pb_section fb_built=\u00bb1&#8243; _builder_version=\u00bb4.16&#8243; global_colors_info=\u00bb{}\u00bb][et_pb_row _builder_version=\u00bb4.18.0&#8243; background_size=\u00bbinitial\u00bb background_position=\u00bbtop_left\u00bb background_repeat=\u00bbrepeat\u00bb hover_enabled=\u00bb0&#8243; global_colors_info=\u00bb{}\u00bb width=\u00bb59%\u00bb max_width=\u00bb2209px\u00bb min_height=\u00bb1000px\u00bb sticky_enabled=\u00bb0&#8243; custom_padding=\u00bb||0px|||\u00bb][et_pb_column type=\u00bb4_4&#8243; _builder_version=\u00bb4.16&#8243; custom_padding=\u00bb|||\u00bb global_colors_info=\u00bb{}\u00bb custom_padding__hover=\u00bb|||\u00bb][et_pb_gallery gallery_ids=\u00bb2794,2796,2795,2797,2793&#8243; fullwidth=\u00bbon\u00bb _builder_version=\u00bb4.18.0&#8243; _module_preset=\u00bbdefault\u00bb global_colors_info=\u00bb{}\u00bb custom_padding=\u00bb|0px||||\u00bb transform_scale=\u00bb90%|90%\u00bb hover_enabled=\u00bb0&#8243; sticky_enabled=\u00bb0&#8243; custom_margin=\u00bb||-98px|||\u00bb width=\u00bb100%\u00bb min_height=\u00bb894px\u00bb][\/et_pb_gallery][\/et_pb_column][\/et_pb_row][\/et_pb_section][et_pb_section fb_built=\u00bb1&#8243; inner_shadow=\u00bbon\u00bb fullwidth=\u00bbon\u00bb _builder_version=\u00bb4.16&#8243; background_color=\u00bb#f7f7f7&#8243; global_colors_info=\u00bb{}\u00bb][et_pb_fullwidth_header title=\u00bb\u00bfPer qu\u00e8 nosaltres?\u00bb text_orientation=\u00bbcenter\u00bb admin_label=\u00bbFullwidth Header\u00bb _builder_version=\u00bb4.16&#8243; background_color=\u00bbrgba(255, 255, 255, 0)\u00bb background_layout=\u00bblight\u00bb max_width_tablet=\u00bb50px\u00bb global_colors_info=\u00bb{}\u00bb button_one_text_size__hover_enabled=\u00bboff\u00bb button_two_text_size__hover_enabled=\u00bboff\u00bb button_one_text_color__hover_enabled=\u00bboff\u00bb button_two_text_color__hover_enabled=\u00bboff\u00bb button_one_border_width__hover_enabled=\u00bboff\u00bb button_two_border_width__hover_enabled=\u00bboff\u00bb button_one_border_color__hover_enabled=\u00bboff\u00bb button_two_border_color__hover_enabled=\u00bboff\u00bb button_one_border_radius__hover_enabled=\u00bboff\u00bb button_two_border_radius__hover_enabled=\u00bboff\u00bb button_one_letter_spacing__hover_enabled=\u00bboff\u00bb button_two_letter_spacing__hover_enabled=\u00bboff\u00bb button_one_bg_color__hover_enabled=\u00bboff\u00bb button_two_bg_color__hover_enabled=\u00bboff\u00bb][\/et_pb_fullwidth_header][\/et_pb_section][et_pb_section fb_built=\u00bb1&#8243; _builder_version=\u00bb4.16&#8243; custom_padding=\u00bb54px|0px|0px|0px\u00bb global_colors_info=\u00bb{}\u00bb][et_pb_row column_structure=\u00bb1_4,1_4,1_4,1_4&#8243; _builder_version=\u00bb4.16&#8243; background_size=\u00bbinitial\u00bb background_position=\u00bbtop_left\u00bb background_repeat=\u00bbrepeat\u00bb global_colors_info=\u00bb{}\u00bb][et_pb_column type=\u00bb1_4&#8243; _builder_version=\u00bb4.16&#8243; custom_padding=\u00bb|||\u00bb global_colors_info=\u00bb{}\u00bb custom_padding__hover=\u00bb|||\u00bb][et_pb_blurb title=\u00bbProfesionalitat\u00bb use_icon=\u00bbon\u00bb font_icon=\u00bb&#xe074;||divi||400&#8243; icon_color=\u00bb#fc9700&#8243; image_icon_background_color=\u00bb#ffffff\u00bb image_icon_width=\u00bb48px\u00bb admin_label=\u00bbBlurb\u00bb _builder_version=\u00bb4.16&#8243; header_font=\u00bb||||||||\u00bb body_font=\u00bb||||||||\u00bb background_size=\u00bbinitial\u00bb background_position=\u00bbtop_left\u00bb background_repeat=\u00bbrepeat\u00bb image_icon_custom_padding=\u00bb25px|25px|25px|25px|false|false\u00bb text_orientation=\u00bbcenter\u00bb border_radii_image=\u00bbon|100%|100%|100%|100%\u00bb border_width_all_image=\u00bb3px\u00bb border_color_all_image=\u00bb#fc9700&#8243; use_circle=\u00bbon\u00bb use_circle_border=\u00bbon\u00bb circle_border_color=\u00bb#fc9700&#8243; circle_color=\u00bb#ffffff\u00bb global_colors_info=\u00bb{}\u00bb image_icon_background_color__sticky_enabled=\u00bb#2ea3f2&#8243; image_icon_background_color__sticky=\u00bb#2ea3f2&#8243;]Grans professionals, esperit de servei, a molts grups des de 1978.[\/et_pb_blurb][\/et_pb_column][et_pb_column type=\u00bb1_4&#8243; _builder_version=\u00bb4.16&#8243; custom_padding=\u00bb|||\u00bb global_colors_info=\u00bb{}\u00bb custom_padding__hover=\u00bb|||\u00bb][et_pb_blurb title=\u00bbUbicaci\u00f3\u00bb use_icon=\u00bbon\u00bb font_icon=\u00bb&#xe01d;||divi||400&#8243; icon_color=\u00bb#fc9700&#8243; image_icon_background_color=\u00bbrgba(224,153,0,0)\u00bb image_icon_width=\u00bb48px\u00bb admin_label=\u00bbBlurb\u00bb _builder_version=\u00bb4.16&#8243; header_font=\u00bb||||||||\u00bb body_font=\u00bb||||||||\u00bb background_size=\u00bbinitial\u00bb background_position=\u00bbtop_left\u00bb background_repeat=\u00bbrepeat\u00bb image_icon_custom_padding=\u00bb25px|25px|25px|25px|false|false\u00bb text_orientation=\u00bbcenter\u00bb border_radii_image=\u00bbon|100%|100%|100%|100%\u00bb border_width_all_image=\u00bb3px\u00bb border_color_all_image=\u00bb#fc9700&#8243; use_circle=\u00bbon\u00bb use_circle_border=\u00bbon\u00bb circle_border_color=\u00bb#fc9700&#8243; circle_color=\u00bbrgba(224,153,0,0)\u00bb global_colors_info=\u00bb{}\u00bb image_icon_background_color__sticky_enabled=\u00bb#2ea3f2&#8243; image_icon_background_color__sticky=\u00bb#2ea3f2&#8243;]La casa es situa a la Vila de Moi\u00e0 , amb un terreny extens per gaudir de la natura.<br \/>\n[\/et_pb_blurb][\/et_pb_column][et_pb_column type=\u00bb1_4&#8243; _builder_version=\u00bb4.16&#8243; custom_padding=\u00bb|||\u00bb global_colors_info=\u00bb{}\u00bb custom_padding__hover=\u00bb|||\u00bb][et_pb_blurb title=\u00bbActualitzaci\u00f3\u00bb use_icon=\u00bbon\u00bb font_icon=\u00bb&#x76;||divi||400&#8243; icon_color=\u00bb#fc9700&#8243; image_icon_background_color=\u00bbrgba(224,153,0,0)\u00bb image_icon_width=\u00bb48px\u00bb admin_label=\u00bbBlurb\u00bb _builder_version=\u00bb4.16&#8243; header_font=\u00bb||||||||\u00bb body_font=\u00bb||||||||\u00bb background_size=\u00bbinitial\u00bb background_position=\u00bbtop_left\u00bb background_repeat=\u00bbrepeat\u00bb image_icon_custom_padding=\u00bb25px|25px|25px|25px|false|false\u00bb text_orientation=\u00bbcenter\u00bb border_radii_image=\u00bbon|100%|100%|100%|100%\u00bb border_width_all_image=\u00bb3px\u00bb border_color_all_image=\u00bb#fc9700&#8243; use_circle=\u00bbon\u00bb use_circle_border=\u00bbon\u00bb circle_border_color=\u00bb#fc9700&#8243; circle_color=\u00bbrgba(224,153,0,0)\u00bb global_colors_info=\u00bb{}\u00bb image_icon_background_color__sticky_enabled=\u00bb#2ea3f2&#8243; image_icon_background_color__sticky=\u00bb#2ea3f2&#8243;]informaci\u00f3 actualitzada del grup que est\u00e0 a la casa des del primer dia d&#8217;allotjament.<br \/>\n[\/et_pb_blurb][\/et_pb_column][et_pb_column type=\u00bb1_4&#8243; _builder_version=\u00bb4.16&#8243; custom_padding=\u00bb|||\u00bb global_colors_info=\u00bb{}\u00bb custom_padding__hover=\u00bb|||\u00bb][et_pb_blurb title=\u00bbActivitats\u00bb use_icon=\u00bbon\u00bb font_icon=\u00bb&#xe09b;||divi||400&#8243; icon_color=\u00bb#fc9700&#8243; image_icon_background_color=\u00bbrgba(224,153,0,0)\u00bb image_icon_width=\u00bb48px\u00bb admin_label=\u00bbBlurb\u00bb _builder_version=\u00bb4.16&#8243; header_font=\u00bb||||||||\u00bb body_font=\u00bb||||||||\u00bb background_size=\u00bbinitial\u00bb background_position=\u00bbtop_left\u00bb background_repeat=\u00bbrepeat\u00bb image_icon_custom_padding=\u00bb25px|25px|25px|25px|false|false\u00bb text_orientation=\u00bbcenter\u00bb border_radii_image=\u00bbon|100%|100%|100%|100%\u00bb border_width_all_image=\u00bb3px\u00bb border_color_all_image=\u00bb#fc9700&#8243; use_circle=\u00bbon\u00bb use_circle_border=\u00bbon\u00bb circle_border_color=\u00bb#fc9700&#8243; circle_color=\u00bbrgba(224,153,0,0)\u00bb global_colors_info=\u00bb{}\u00bb image_icon_background_color__sticky_enabled=\u00bb#2ea3f2&#8243; image_icon_background_color__sticky=\u00bb#2ea3f2&#8243;]L\u2019equip pedag\u00f2gic de <a href=\"http:\/\/www.tirotella.com\/\">Tirotella<\/a> realitza, amb molt encert, les activitats de Mas Saiol.<br \/>\n[\/et_pb_blurb][\/et_pb_column][\/et_pb_row][et_pb_row _builder_version=\u00bb4.16&#8243; background_size=\u00bbinitial\u00bb background_position=\u00bbtop_left\u00bb background_repeat=\u00bbrepeat\u00bb custom_padding=\u00bb27px|0px|0px|0px\u00bb global_colors_info=\u00bb{}\u00bb][et_pb_column type=\u00bb4_4&#8243; _builder_version=\u00bb4.16&#8243; custom_padding=\u00bb|||\u00bb global_colors_info=\u00bb{}\u00bb custom_padding__hover=\u00bb|||\u00bb][et_pb_cta title=\u00bbNo dubtis a contactar-nos\u00bb button_url=\u00bbhttps:\/\/saiol.net\/colonies\/on-som\/\u00bb button_text=\u00bbContacta&#8217;ns\u00bb admin_label=\u00bbCall To Action\u00bb _builder_version=\u00bb4.16&#8243; header_font=\u00bb||||||||\u00bb header_text_color=\u00bb#fc9700&#8243; body_font=\u00bb||||||||\u00bb body_text_color=\u00bb#fc9700&#8243; background_color=\u00bbrgba(126,190,197,0)\u00bb background_size=\u00bbinitial\u00bb background_position=\u00bbtop_left\u00bb background_repeat=\u00bbrepeat\u00bb custom_button=\u00bbon\u00bb button_text_color=\u00bb#ffffff\u00bb button_bg_color=\u00bb#fc9700&#8243; button_border_color=\u00bb#fc9700&#8243; button_font=\u00bb||||||||\u00bb button_use_icon=\u00bboff\u00bb border_radii=\u00bb|5px|5px|5px|5px\u00bb border_width_all=\u00bb3px\u00bb border_color_all=\u00bb#e09900&#8243; button_text_color_hover=\u00bb#fc9700&#8243; button_border_color_hover=\u00bb#fc9700&#8243; button_bg_color_hover=\u00bb#ffffff\u00bb global_colors_info=\u00bb{}\u00bb button_text_size__hover_enabled=\u00bboff\u00bb button_one_text_size__hover_enabled=\u00bboff\u00bb button_two_text_size__hover_enabled=\u00bboff\u00bb button_text_color__hover_enabled=\u00bbon\u00bb button_text_color__hover=\u00bb#fc9700&#8243; button_one_text_color__hover_enabled=\u00bboff\u00bb button_two_text_color__hover_enabled=\u00bboff\u00bb button_border_width__hover_enabled=\u00bboff\u00bb button_one_border_width__hover_enabled=\u00bboff\u00bb button_two_border_width__hover_enabled=\u00bboff\u00bb button_border_color__hover_enabled=\u00bbon\u00bb button_border_color__hover=\u00bb#fc9700&#8243; button_one_border_color__hover_enabled=\u00bboff\u00bb button_two_border_color__hover_enabled=\u00bboff\u00bb button_border_radius__hover_enabled=\u00bboff\u00bb button_one_border_radius__hover_enabled=\u00bboff\u00bb button_two_border_radius__hover_enabled=\u00bboff\u00bb button_letter_spacing__hover_enabled=\u00bboff\u00bb button_one_letter_spacing__hover_enabled=\u00bboff\u00bb button_two_letter_spacing__hover_enabled=\u00bboff\u00bb button_bg_color__hover_enabled=\u00bbon\u00bb button_bg_color__hover=\u00bb#ffffff\u00bb button_one_bg_color__hover_enabled=\u00bboff\u00bb button_two_bg_color__hover_enabled=\u00bboff\u00bb]Si tens qualsevol dubte a continuaci\u00f3 tens informaci\u00f3 sobre nosaltres.<br \/>\n[\/et_pb_cta][\/et_pb_column][\/et_pb_row][et_pb_row _builder_version=\u00bb4.16&#8243; background_size=\u00bbinitial\u00bb background_position=\u00bbtop_left\u00bb background_repeat=\u00bbrepeat\u00bb custom_padding=\u00bb0px|0px|0px|0px\u00bb global_colors_info=\u00bb{}\u00bb][et_pb_column type=\u00bb4_4&#8243; _builder_version=\u00bb4.16&#8243; custom_padding=\u00bb|||\u00bb global_colors_info=\u00bb{}\u00bb custom_padding__hover=\u00bb|||\u00bb][et_pb_cta button_text=\u00bbContacta&#8217;ns\u00bb admin_label=\u00bbCall To Action\u00bb _builder_version=\u00bb4.16&#8243; header_font=\u00bb||||||||\u00bb header_text_color=\u00bb#fc9700&#8243; body_font=\u00bb||||||||\u00bb body_text_color=\u00bb#fc9700&#8243; background_color=\u00bbrgba(126,190,197,0)\u00bb background_size=\u00bbinitial\u00bb background_position=\u00bbtop_left\u00bb background_repeat=\u00bbrepeat\u00bb custom_button=\u00bbon\u00bb button_text_color=\u00bb#ffffff\u00bb button_bg_color=\u00bb#fc9700&#8243; button_border_color=\u00bb#fc9700&#8243; button_font=\u00bb||||||||\u00bb button_use_icon=\u00bboff\u00bb border_radii=\u00bb||||\u00bb border_color_all=\u00bb#e09900&#8243; button_text_color_hover=\u00bb#fc9700&#8243; button_border_color_hover=\u00bb#fc9700&#8243; button_bg_color_hover=\u00bb#ffffff\u00bb global_colors_info=\u00bb{}\u00bb button_text_size__hover_enabled=\u00bboff\u00bb button_one_text_size__hover_enabled=\u00bboff\u00bb button_two_text_size__hover_enabled=\u00bboff\u00bb button_text_color__hover_enabled=\u00bbon\u00bb button_text_color__hover=\u00bb#fc9700&#8243; button_one_text_color__hover_enabled=\u00bboff\u00bb button_two_text_color__hover_enabled=\u00bboff\u00bb button_border_width__hover_enabled=\u00bboff\u00bb button_one_border_width__hover_enabled=\u00bboff\u00bb button_two_border_width__hover_enabled=\u00bboff\u00bb button_border_color__hover_enabled=\u00bbon\u00bb button_border_color__hover=\u00bb#fc9700&#8243; button_one_border_color__hover_enabled=\u00bboff\u00bb button_two_border_color__hover_enabled=\u00bboff\u00bb button_border_radius__hover_enabled=\u00bboff\u00bb button_one_border_radius__hover_enabled=\u00bboff\u00bb button_two_border_radius__hover_enabled=\u00bboff\u00bb button_letter_spacing__hover_enabled=\u00bboff\u00bb button_one_letter_spacing__hover_enabled=\u00bboff\u00bb button_two_letter_spacing__hover_enabled=\u00bboff\u00bb button_bg_color__hover_enabled=\u00bbon\u00bb button_bg_color__hover=\u00bb#ffffff\u00bb button_one_bg_color__hover_enabled=\u00bboff\u00bb button_two_bg_color__hover_enabled=\u00bboff\u00bb]<img loading=\"lazy\" class=\"wp-image-416 alignnone size-medium\" style=\"display: block; margin-left: auto; margin-right: auto;\" src=\"https:\/\/saiol.net\/colonies\/wp-content\/uploads\/2018\/04\/Registre_040-300x95.gif\" alt=\"\" width=\"160\" height=\"51\" srcset=\"https:\/\/saiol.net\/colonies\/wp-content\/uploads\/2018\/04\/Registre_040-300x95.gif 300w, https:\/\/saiol.net\/colonies\/wp-content\/uploads\/2018\/04\/Registre_040-768x243.gif 768w\" sizes=\"(max-width: 160px) 100vw, 160px\" \/><br \/>\n[\/et_pb_cta][\/et_pb_column][\/et_pb_row][\/et_pb_section]<\/p>\n","protected":false},"excerpt":{"rendered":"<p>Des de 1978 hem acollit, amb professionalitat i esperit de servei, a molts grups. Ara us esperem a vosaltres ! Grans professionals, esperit de servei, a molts grups des de 1978.La casa es situa a la Vila de Moi\u00e0 , amb un terreny extens per gaudir de la natura. informaci\u00f3 actualitzada del grup que est\u00e0 [&hellip;]<\/p>\n","protected":false},"author":1,"featured_media":0,"parent":0,"menu_order":0,"comment_status":"closed","ping_status":"closed","template":"","meta":{"_et_pb_use_builder":"on","_et_pb_old_content":"","_et_gb_content_width":""},"_links":{"self":[{"href":"https:\/\/saiol.net\/colonies\/wp-json\/wp\/v2\/pages\/40"}],"collection":[{"href":"https:\/\/saiol.net\/colonies\/wp-json\/wp\/v2\/pages"}],"about":[{"href":"https:\/\/saiol.net\/colonies\/wp-json\/wp\/v2\/types\/page"}],"author":[{"embeddable":true,"href":"https:\/\/saiol.net\/colonies\/wp-json\/wp\/v2\/users\/1"}],"replies":[{"embeddable":true,"href":"https:\/\/saiol.net\/colonies\/wp-json\/wp\/v2\/comments?post=40"}],"version-history":[{"count":48,"href":"https:\/\/saiol.net\/colonies\/wp-json\/wp\/v2\/pages\/40\/revisions"}],"predecessor-version":[{"id":2820,"href":"https:\/\/saiol.net\/colonies\/wp-json\/wp\/v2\/pages\/40\/revisions\/2820"}],"wp:attachment":[{"href":"https:\/\/saiol.net\/colonies\/wp-json\/wp\/v2\/media?parent=40"}],"curies":[{"name":"wp","href":"https:\/\/api.w.org\/{rel}","templated":true}]}}